{"id":550,"date":"2016-09-17T12:38:29","date_gmt":"2016-09-17T12:38:29","guid":{"rendered":"http:\/\/www.rosapsicologia.com.br\/site\/?page_id=550"},"modified":"2020-05-21T01:40:38","modified_gmt":"2020-05-21T01:40:38","slug":"agendamento","status":"publish","type":"page","link":"http:\/\/rosapsicologia.com.br\/site\/agendamento\/","title":{"rendered":"Agendamento"},"content":{"rendered":"<p>[et_pb_section admin_label=&#8221;section&#8221; fullwidth=&#8221;off&#8221; specialty=&#8221;off&#8221; background_color=&#8221;#d4e4e0&#8243; inner_shadow=&#8221;off&#8221; parallax=&#8221;off&#8221; transparent_background=&#8221;off&#8221; allow_player_pause=&#8221;off&#8221; parallax_method=&#8221;off&#8221; padding_mobile=&#8221;off&#8221; make_fullwidth=&#8221;off&#8221; use_custom_width=&#8221;off&#8221; width_unit=&#8221;on&#8221; make_equal=&#8221;off&#8221; use_custom_gutter=&#8221;off&#8221;][et_pb_row admin_label=&#8221;row&#8221;][et_pb_column type=&#8221;2_3&#8243;][et_pb_divider admin_label=&#8221;Divisor&#8221; color=&#8221;#ffffff&#8221; show_divider=&#8221;off&#8221; divider_style=&#8221;solid&#8221; divider_position=&#8221;top&#8221; hide_on_mobile=&#8221;on&#8221;] [\/et_pb_divider][et_pb_image admin_label=&#8221;logo andreia&#8221; src=&#8221;http:\/\/rosapsicologia.com.br\/wp-content\/uploads\/2016\/07\/logo-andreia4b.png&#8221; show_in_lightbox=&#8221;off&#8221; url_new_window=&#8221;off&#8221; use_overlay=&#8221;off&#8221; animation=&#8221;off&#8221; sticky=&#8221;off&#8221; align=&#8221;left&#8221; force_fullwidth=&#8221;off&#8221; always_center_on_mobile=&#8221;on&#8221; use_border_color=&#8221;off&#8221; border_color=&#8221;#ffffff&#8221; border_style=&#8221;solid&#8221;] [\/et_pb_image][\/et_pb_column][et_pb_column type=&#8221;1_3&#8243;][et_pb_image admin_label=&#8221;psicologa&#8221; src=&#8221;http:\/\/www.rosapsicologia.com.br\/wp-content\/uploads\/2016\/08\/psicologa7b.png&#8221; show_in_lightbox=&#8221;off&#8221; url_new_window=&#8221;off&#8221; use_overlay=&#8221;off&#8221; animation=&#8221;off&#8221; sticky=&#8221;off&#8221; align=&#8221;right&#8221; force_fullwidth=&#8221;off&#8221; always_center_on_mobile=&#8221;on&#8221; use_border_color=&#8221;off&#8221; border_color=&#8221;#ffffff&#8221; border_style=&#8221;solid&#8221;] [\/et_pb_image][\/et_pb_column][\/et_pb_row][\/et_pb_section][et_pb_section admin_label=&#8221;Se\u00e7\u00e3o&#8221; fullwidth=&#8221;on&#8221; specialty=&#8221;off&#8221; transparent_background=&#8221;off&#8221; background_color=&#8221;#72a538&#8243; allow_player_pause=&#8221;off&#8221; inner_shadow=&#8221;off&#8221; parallax=&#8221;off&#8221; parallax_method=&#8221;off&#8221; padding_mobile=&#8221;off&#8221; make_fullwidth=&#8221;off&#8221; use_custom_width=&#8221;off&#8221; width_unit=&#8221;on&#8221; make_equal=&#8221;off&#8221; use_custom_gutter=&#8221;off&#8221;][et_pb_fullwidth_menu admin_label=&#8221;Menu de Largura Completa&#8221; menu_id=&#8221;2&#8243; background_color=&#8221;#a3c7bd&#8221; background_layout=&#8221;dark&#8221; text_orientation=&#8221;left&#8221; submenu_direction=&#8221;downwards&#8221; fullwidth_menu=&#8221;off&#8221; dropdown_menu_animation=&#8221;fade&#8221; menu_font_size=&#8221;18px&#8221; menu_font=&#8221;|on|||&#8221; active_link_color=&#8221;#4a4c67&#8243; dropdown_menu_text_color=&#8221;#4a4c67&#8243; module_id=&#8221;secondheader&#8221; module_class=&#8221;secondheader&#8221; custom_css_active_menu_link=&#8221;color:#FFFFFF;||background: #169F45;||&#8221;] [\/et_pb_fullwidth_menu][\/et_pb_section][et_pb_section admin_label=&#8221;Se\u00e7\u00e3o&#8221; fullwidth=&#8221;on&#8221; specialty=&#8221;off&#8221;][et_pb_fullwidth_post_title admin_label=&#8221;T\u00edtulo da Publica\u00e7\u00e3o de Largura Inteira&#8221; title=&#8221;on&#8221; meta=&#8221;off&#8221; author=&#8221;on&#8221; date=&#8221;on&#8221; categories=&#8221;on&#8221; comments=&#8221;on&#8221; featured_image=&#8221;off&#8221; featured_placement=&#8221;below&#8221; parallax_effect=&#8221;on&#8221; parallax_method=&#8221;on&#8221; text_orientation=&#8221;left&#8221; text_color=&#8221;dark&#8221; text_background=&#8221;off&#8221; text_bg_color=&#8221;rgba(255,255,255,0.9)&#8221; module_bg_color=&#8221;rgba(255,255,255,0)&#8221; title_all_caps=&#8221;off&#8221; use_border_color=&#8221;off&#8221; border_color=&#8221;#ffffff&#8221; border_style=&#8221;solid&#8221;] [\/et_pb_fullwidth_post_title][\/et_pb_section][et_pb_section admin_label=&#8221;Se\u00e7\u00e3o&#8221; fullwidth=&#8221;off&#8221; specialty=&#8221;off&#8221; transparent_background=&#8221;off&#8221; background_color=&#8221;#ffffff&#8221; allow_player_pause=&#8221;off&#8221; inner_shadow=&#8221;off&#8221; parallax=&#8221;off&#8221; parallax_method=&#8221;off&#8221; padding_mobile=&#8221;off&#8221; make_fullwidth=&#8221;off&#8221; use_custom_width=&#8221;off&#8221; width_unit=&#8221;on&#8221; make_equal=&#8221;off&#8221; use_custom_gutter=&#8221;off&#8221; module_id=&#8221;agende&#8221;][et_pb_row admin_label=&#8221;Linha&#8221;][et_pb_column type=&#8221;1_2&#8243;][et_pb_divider admin_label=&#8221;Divisor&#8221; color=&#8221;#ffffff&#8221; show_divider=&#8221;off&#8221; height=&#8221;2&#8243; divider_style=&#8221;solid&#8221; divider_position=&#8221;top&#8221; hide_on_mobile=&#8221;on&#8221;] [\/et_pb_divider][et_pb_text admin_label=&#8221;Para marcar uma consulta, ligue para (11) 98669-2760&#8243; background_layout=&#8221;light&#8221; text_orientation=&#8221;left&#8221; text_font_size=&#8221;16&#8243; use_border_color=&#8221;off&#8221; border_color=&#8221;#ffffff&#8221; border_style=&#8221;solid&#8221;]<\/p>\n<p style=\"text-align: left;\"><span style=\"color: #333333;\"><strong>Voc\u00ea pode agendar sua consulta atrav\u00e9s desses atendimentos:<br \/>\n<\/strong><\/span><\/p>\n<p style=\"text-align: left;\"><span style=\"color: #333333;\"><strong><img loading=\"lazy\" decoding=\"async\" class=\"wp-image-543 size-full alignnone\" src=\"http:\/\/www.rosapsicologia.com.br\/wp-content\/uploads\/2016\/08\/icon-phone2.png\" width=\"32\" height=\"32\" \/>\u00a0 Telefone: (11) 98669-2760<\/strong><\/span><\/p>\n<p style=\"text-align: left;\"><strong><span style=\"color: #333333;\"><img loading=\"lazy\" decoding=\"async\" class=\"wp-image-544 size-full alignnone\" src=\"http:\/\/www.rosapsicologia.com.br\/wp-content\/uploads\/2016\/08\/icon-email.png\" width=\"34\" height=\"32\" \/><\/span>\u00a0 E-mail: <span style=\"color: #008000;\"><a style=\"color: #008000;\" href=\"mailto:andreia.rosa@rosapsicologia.com.br\">andreia.rosa@rosapsicologia.com.br<\/a><\/span><\/strong><\/p>\n<p style=\"text-align: left;\"><strong><span style=\"color: #333333;\"><img loading=\"lazy\" decoding=\"async\" class=\"wp-image-545 size-full alignnone\" src=\"http:\/\/www.rosapsicologia.com.br\/wp-content\/uploads\/2016\/08\/icon-whatsapp.png\" width=\"32\" height=\"32\" \/><\/span>\u00a0 WhatsApp: (11) 98669-2760<\/strong><\/p>\n<p style=\"text-align: left;\"><span style=\"color: #333333;\">Atendimento em Jundia\u00ed para: <strong>Crian\u00e7as, Adolescentes e Adultos.<\/strong><br \/>\n<\/span><\/p>\n<p style=\"text-align: left;\">Conv\u00eanios:<br \/>\n<img loading=\"lazy\" decoding=\"async\" class=\"aligncenter wp-image-497 size-medium\" src=\"http:\/\/www.rosapsicologia.com.br\/wp-content\/uploads\/2016\/07\/convenio2b-300x47.jpg\" width=\"300\" height=\"47\" srcset=\"http:\/\/rosapsicologia.com.br\/site\/wp-content\/uploads\/2016\/07\/convenio2b-300x47.jpg 300w, http:\/\/rosapsicologia.com.br\/site\/wp-content\/uploads\/2016\/07\/convenio2b.jpg 380w\" sizes=\"(max-width: 300px) 100vw, 300px\" \/><\/p>\n<p>[\/et_pb_text][\/et_pb_column][et_pb_column type=&#8221;1_2&#8243;][et_pb_divider admin_label=&#8221;Divisor&#8221; color=&#8221;#ffffff&#8221; show_divider=&#8221;off&#8221; height=&#8221;3&#8243; divider_style=&#8221;solid&#8221; divider_position=&#8221;top&#8221; hide_on_mobile=&#8221;on&#8221;] [\/et_pb_divider][et_pb_text admin_label=&#8221;Agende j\u00e1 sua Avalia\u00e7\u00e3o!&#8221; background_layout=&#8221;light&#8221; text_orientation=&#8221;left&#8221; text_font_size=&#8221;15&#8243; use_border_color=&#8221;off&#8221; border_color=&#8221;#ffffff&#8221; border_style=&#8221;solid&#8221;]<\/p>\n<p style=\"text-align: left;\">Agende j\u00e1 sua consulta ou tire suas d\u00favidas preenchendo o formul\u00e1rio abaixo:<\/p>\n<p>[\/et_pb_text][et_pb_contact_form admin_label=&#8221;Formul\u00e1rio de Contato&#8221; captcha=&#8221;off&#8221; use_redirect=&#8221;off&#8221; input_border_radius=&#8221;12&#8243; use_border_color=&#8221;off&#8221; border_color=&#8221;#ffffff&#8221; border_style=&#8221;solid&#8221; custom_button=&#8221;on&#8221; button_letter_spacing=&#8221;0&#8243; button_use_icon=&#8221;default&#8221; button_icon_placement=&#8221;right&#8221; button_on_hover=&#8221;on&#8221; button_letter_spacing_hover=&#8221;0&#8243; email=&#8221;contato@rosapsicologia.com.br&#8221; button_border_radius=&#8221;12&#8243; button_icon=&#8221;{fe2442dd7d2be3f7c25a07c6098374d03785caba566ec47bbd833b46e3a25041}{fe2442dd7d2be3f7c25a07c6098374d03785caba566ec47bbd833b46e3a25041}57{fe2442dd7d2be3f7c25a07c6098374d03785caba566ec47bbd833b46e3a25041}{fe2442dd7d2be3f7c25a07c6098374d03785caba566ec47bbd833b46e3a25041}&#8221; button_text_color_hover=&#8221;#ffffff&#8221; button_bg_color_hover=&#8221;#0db26b&#8221; button_border_radius_hover=&#8221;12&#8243; button_text_color=&#8221;#ffffff&#8221; button_bg_color=&#8221;#0db26b&#8221; button_icon_color=&#8221;#ffffff&#8221; button_text_size=&#8221;16&#8243;] [et_pb_contact_field field_title=&#8221;Nome&#8221; field_type=&#8221;input&#8221; field_id=&#8221;Name&#8221; required_mark=&#8221;on&#8221; fullwidth_field=&#8221;off&#8221;][\/et_pb_contact_field][et_pb_contact_field field_title=&#8221;E-mail&#8221; field_type=&#8221;email&#8221; field_id=&#8221;Email&#8221; required_mark=&#8221;on&#8221; fullwidth_field=&#8221;off&#8221;][\/et_pb_contact_field][et_pb_contact_field field_title=&#8221;DDD&#8221; field_type=&#8221;input&#8221; field_id=&#8221;DDD&#8221; required_mark=&#8221;off&#8221; fullwidth_field=&#8221;off&#8221; input_border_radius=&#8221;0&#8243; form_field_font_select=&#8221;default&#8221; form_field_font=&#8221;||||&#8221; use_border_color=&#8221;off&#8221; border_style=&#8221;solid&#8221;][\/et_pb_contact_field][et_pb_contact_field field_title=&#8221;Telefone&#8221; field_type=&#8221;input&#8221; field_id=&#8221;Telefone&#8221; required_mark=&#8221;off&#8221; fullwidth_field=&#8221;off&#8221; input_border_radius=&#8221;0&#8243; form_field_font_select=&#8221;default&#8221; form_field_font=&#8221;||||&#8221; use_border_color=&#8221;off&#8221; border_style=&#8221;solid&#8221;][\/et_pb_contact_field][et_pb_contact_field field_title=&#8221;Mensagem&#8221; field_type=&#8221;text&#8221; field_id=&#8221;Message&#8221; required_mark=&#8221;on&#8221;][\/et_pb_contact_field] [\/et_pb_contact_form][\/et_pb_column][\/et_pb_row][\/et_pb_section][et_pb_section admin_label=&#8221;Se\u00e7\u00e3o&#8221; fullwidth=&#8221;off&#8221; specialty=&#8221;off&#8221; transparent_background=&#8221;off&#8221; background_color=&#8221;#a3c7bd&#8221; allow_player_pause=&#8221;off&#8221; inner_shadow=&#8221;off&#8221; parallax=&#8221;off&#8221; parallax_method=&#8221;off&#8221; padding_mobile=&#8221;off&#8221; make_fullwidth=&#8221;off&#8221; use_custom_width=&#8221;off&#8221; width_unit=&#8221;on&#8221; make_equal=&#8221;off&#8221; use_custom_gutter=&#8221;off&#8221;][et_pb_row admin_label=&#8221;Linha&#8221;][et_pb_column type=&#8221;4_4&#8243;][et_pb_text admin_label=&#8221;Copyright Rosa Psicologia | Desenvolvido por Sua Empresa na Internet.net&#8221; background_layout=&#8221;dark&#8221; text_orientation=&#8221;left&#8221; use_border_color=&#8221;off&#8221; border_color=&#8221;#ffffff&#8221; border_style=&#8221;solid&#8221;]<\/p>\n<p style=\"text-align: center;\"><span style=\"color: #ffffff;\">Endere\u00e7o: Rua Zelindo Volpi, 21 \u2013 Sala 03 \u2013 Eloy Chaves \u2013 Jundia\u00ed \u2013 SP\u00a0 |\u00a0 e-mail: <a style=\"color: #ffffff;\" href=\"mailto:contato@rosapsicologia.com.br\">contato@rosapsicologia.com.br<\/a><\/span><\/p>\n<p style=\"text-align: center;\"><span style=\"color: #ffffff;\">Copyright Rosa Psicologia\u00a0 |\u00a0 Desenvolvido por <a style=\"color: #ffffff;\" href=\"http:\/\/www.suaempresanainternet.net\" target=\"_blank\">Sua Empresa na Internet.net<\/a><\/span><\/p>\n<p>[\/et_pb_text][\/et_pb_column][\/et_pb_row][\/et_pb_section]<\/p>\n","protected":false},"excerpt":{"rendered":"<p>Voc\u00ea pode agendar sua consulta atrav\u00e9s desses atendimentos: \u00a0 Telefone: (11) 98669-2760 \u00a0 E-mail: andreia.rosa@rosapsicologia.com.br \u00a0 WhatsApp: (11) 98669-2760 Atendimento em Jundia\u00ed para: Crian\u00e7as, Adolescentes e Adultos. Conv\u00eanios: Agende j\u00e1 sua consulta ou tire suas d\u00favidas preenchendo o formul\u00e1rio abaixo: Endere\u00e7o: Rua Zelindo Volpi, 21 \u2013 Sala 03 \u2013 Eloy Chaves \u2013 Jundia\u00ed \u2013 SP\u00a0 [&hellip;]<\/p>\n","protected":false},"author":1,"featured_media":0,"parent":0,"menu_order":0,"comment_status":"closed","ping_status":"closed","template":"page-template-blank.php","meta":{"_et_pb_use_builder":"on","_et_pb_old_content":"","_et_gb_content_width":"","footnotes":""},"_links":{"self":[{"href":"http:\/\/rosapsicologia.com.br\/site\/wp-json\/wp\/v2\/pages\/550"}],"collection":[{"href":"http:\/\/rosapsicologia.com.br\/site\/wp-json\/wp\/v2\/pages"}],"about":[{"href":"http:\/\/rosapsicologia.com.br\/site\/wp-json\/wp\/v2\/types\/page"}],"author":[{"embeddable":true,"href":"http:\/\/rosapsicologia.com.br\/site\/wp-json\/wp\/v2\/users\/1"}],"replies":[{"embeddable":true,"href":"http:\/\/rosapsicologia.com.br\/site\/wp-json\/wp\/v2\/comments?post=550"}],"version-history":[{"count":11,"href":"http:\/\/rosapsicologia.com.br\/site\/wp-json\/wp\/v2\/pages\/550\/revisions"}],"predecessor-version":[{"id":666,"href":"http:\/\/rosapsicologia.com.br\/site\/wp-json\/wp\/v2\/pages\/550\/revisions\/666"}],"wp:attachment":[{"href":"http:\/\/rosapsicologia.com.br\/site\/wp-json\/wp\/v2\/media?parent=550"}],"curies":[{"name":"wp","href":"https:\/\/api.w.org\/{rel}","templated":true}]}}