{"id":39,"date":"2016-07-15T12:23:37","date_gmt":"2016-07-15T12:23:37","guid":{"rendered":"http:\/\/rosapsicologia.com.br\/site\/?page_id=39"},"modified":"2016-09-23T14:04:27","modified_gmt":"2016-09-23T14:04:27","slug":"inicial","status":"publish","type":"page","link":"http:\/\/rosapsicologia.com.br\/site\/inicial\/","title":{"rendered":"Inicial"},"content":{"rendered":"<p>[et_pb_section admin_label=&#8221;section&#8221; fullwidth=&#8221;off&#8221; specialty=&#8221;off&#8221; background_color=&#8221;#d4e4e0&#8243; inner_shadow=&#8221;off&#8221; parallax=&#8221;off&#8221; transparent_background=&#8221;off&#8221; allow_player_pause=&#8221;off&#8221; parallax_method=&#8221;off&#8221; padding_mobile=&#8221;off&#8221; make_fullwidth=&#8221;off&#8221; use_custom_width=&#8221;off&#8221; width_unit=&#8221;on&#8221; make_equal=&#8221;off&#8221; use_custom_gutter=&#8221;off&#8221;][et_pb_row admin_label=&#8221;row&#8221;][et_pb_column type=&#8221;2_3&#8243;][et_pb_divider admin_label=&#8221;Divisor&#8221; color=&#8221;#ffffff&#8221; show_divider=&#8221;off&#8221; divider_style=&#8221;solid&#8221; divider_position=&#8221;top&#8221; hide_on_mobile=&#8221;on&#8221;] [\/et_pb_divider][et_pb_image admin_label=&#8221;logo andreia&#8221; src=&#8221;http:\/\/rosapsicologia.com.br\/wp-content\/uploads\/2016\/07\/logo-andreia4b.png&#8221; show_in_lightbox=&#8221;off&#8221; url_new_window=&#8221;off&#8221; use_overlay=&#8221;off&#8221; animation=&#8221;off&#8221; sticky=&#8221;off&#8221; align=&#8221;left&#8221; force_fullwidth=&#8221;off&#8221; always_center_on_mobile=&#8221;on&#8221; use_border_color=&#8221;off&#8221; border_color=&#8221;#ffffff&#8221; border_style=&#8221;solid&#8221;] [\/et_pb_image][\/et_pb_column][et_pb_column type=&#8221;1_3&#8243;][et_pb_image admin_label=&#8221;psicologa&#8221; src=&#8221;http:\/\/www.rosapsicologia.com.br\/wp-content\/uploads\/2016\/08\/psicologa7b.png&#8221; show_in_lightbox=&#8221;off&#8221; url_new_window=&#8221;off&#8221; use_overlay=&#8221;off&#8221; animation=&#8221;off&#8221; sticky=&#8221;off&#8221; align=&#8221;right&#8221; force_fullwidth=&#8221;off&#8221; always_center_on_mobile=&#8221;on&#8221; use_border_color=&#8221;off&#8221; border_color=&#8221;#ffffff&#8221; border_style=&#8221;solid&#8221; title_text=&#8221;http:\/\/www.rosapsicologia.com.br\/site\/wp-admin\/post.php?post=39&amp;action=edit#&#8221;] [\/et_pb_image][\/et_pb_column][\/et_pb_row][\/et_pb_section][et_pb_section admin_label=&#8221;Se\u00e7\u00e3o&#8221; fullwidth=&#8221;on&#8221; specialty=&#8221;off&#8221; transparent_background=&#8221;off&#8221; background_color=&#8221;#72a538&#8243; allow_player_pause=&#8221;off&#8221; inner_shadow=&#8221;off&#8221; parallax=&#8221;off&#8221; parallax_method=&#8221;off&#8221; padding_mobile=&#8221;off&#8221; make_fullwidth=&#8221;off&#8221; use_custom_width=&#8221;off&#8221; width_unit=&#8221;on&#8221; make_equal=&#8221;off&#8221; use_custom_gutter=&#8221;off&#8221;][et_pb_fullwidth_menu admin_label=&#8221;Menu de Largura Completa&#8221; menu_id=&#8221;2&#8243; background_color=&#8221;#a3c7bd&#8221; background_layout=&#8221;dark&#8221; text_orientation=&#8221;left&#8221; submenu_direction=&#8221;downwards&#8221; fullwidth_menu=&#8221;off&#8221; dropdown_menu_animation=&#8221;fade&#8221; menu_font_size=&#8221;18px&#8221; menu_font=&#8221;|on|||&#8221; active_link_color=&#8221;#000000&#8243; dropdown_menu_text_color=&#8221;#5d5f66&#8243; menu_text_color=&#8221;#ffffff&#8221; module_class=&#8221;secondheader&#8221; custom_css_active_menu_link=&#8221;color: #FFFFFF;||background: #169F45;&#8221;] [\/et_pb_fullwidth_menu][\/et_pb_section][et_pb_section admin_label=&#8221;Se\u00e7\u00e3o&#8221; fullwidth=&#8221;on&#8221; specialty=&#8221;off&#8221;][et_pb_fullwidth_slider admin_label=&#8221;Bot\u00e3o Deslizante de Largura Completa&#8221; show_arrows=&#8221;on&#8221; show_pagination=&#8221;on&#8221; auto=&#8221;on&#8221; auto_ignore_hover=&#8221;off&#8221; parallax=&#8221;off&#8221; parallax_method=&#8221;off&#8221; remove_inner_shadow=&#8221;off&#8221; background_position=&#8221;default&#8221; background_size=&#8221;default&#8221; hide_content_on_mobile=&#8221;off&#8221; hide_cta_on_mobile=&#8221;off&#8221; show_image_video_mobile=&#8221;off&#8221; custom_button=&#8221;on&#8221; button_letter_spacing=&#8221;0&#8243; button_use_icon=&#8221;default&#8221; button_icon_placement=&#8221;right&#8221; button_on_hover=&#8221;on&#8221; button_letter_spacing_hover=&#8221;0&#8243; button_text_color=&#8221;#ffffff&#8221; button_bg_color=&#8221;#93baaf&#8221; button_border_width=&#8221;0&#8243; button_border_radius=&#8221;16&#8243; button_border_radius_hover=&#8221;16&#8243; auto_speed=&#8221;3500&#8243; header_line_height=&#8221;1.3em&#8221;] [et_pb_slide background_image=&#8221;http:\/\/rosapsicologia.com.br\/wp-content\/uploads\/2016\/07\/banner-divan01-min.jpg&#8221; background_position=&#8221;default&#8221; background_size=&#8221;default&#8221; background_color=&#8221;rgba(0,0,0,0.44)&#8221; use_bg_overlay=&#8221;on&#8221; use_text_overlay=&#8221;off&#8221; alignment=&#8221;center&#8221; background_layout=&#8221;dark&#8221; allow_player_pause=&#8221;off&#8221; text_border_radius=&#8221;16&#8243; header_font_select=&#8221;Dancing Script&#8221; header_font=&#8221;Dancing Script|on|||&#8221; body_font_select=&#8221;default&#8221; body_font=&#8221;|on|||&#8221; custom_button=&#8221;off&#8221; button_font_select=&#8221;default&#8221; button_font=&#8221;||||&#8221; button_use_icon=&#8221;default&#8221; button_icon_placement=&#8221;right&#8221; button_on_hover=&#8221;on&#8221; heading=&#8221;Seja Bem Vindo&#8221; button_text=&#8221;Agendar uma Consulta&#8221; button_link=&#8221;http:\/\/www.rosapsicologia.com.br\/site\/agendamento\/&#8221; text_overlay_color=&#8221;rgba(0,0,0,0.35)&#8221; body_font_size=&#8221;36&#8243; body_font_size_tablet=&#8221;18&#8243; body_font_size_phone=&#8221;18&#8243; header_line_height=&#8221;1.5em&#8221; header_line_height_tablet=&#8221;1.5em&#8221; header_line_height_phone=&#8221;1.5em&#8221; header_font_size=&#8221;48&#8243; header_font_size_tablet=&#8221;48&#8243; header_font_size_phone=&#8221;48&#8243; bg_overlay_color=&#8221;rgba(0,0,0,0.27)&#8221;]<\/p>\n<p style=\"text-align: center;\">\u00a0Ser feliz \u00e9 op\u00e7\u00e3o de vida!<\/p>\n<p>[\/et_pb_slide][et_pb_slide background_image=&#8221;http:\/\/rosapsicologia.com.br\/wp-content\/uploads\/2016\/07\/banner-amigas01-min.jpg&#8221; background_position=&#8221;default&#8221; background_size=&#8221;default&#8221; background_color=&#8221;rgba(0,0,0,0.44)&#8221; use_bg_overlay=&#8221;on&#8221; use_text_overlay=&#8221;off&#8221; alignment=&#8221;center&#8221; background_layout=&#8221;dark&#8221; allow_player_pause=&#8221;off&#8221; text_border_radius=&#8221;16&#8243; header_font_select=&#8221;Dancing Script&#8221; header_font=&#8221;Dancing Script|on|||&#8221; body_font_select=&#8221;default&#8221; body_font=&#8221;|on|||&#8221; custom_button=&#8221;off&#8221; button_font_select=&#8221;default&#8221; button_font=&#8221;||||&#8221; button_use_icon=&#8221;default&#8221; button_icon_placement=&#8221;right&#8221; button_on_hover=&#8221;on&#8221; heading=&#8221;Seja Bem Vindo&#8221; button_text=&#8221;Agendar uma Consulta&#8221; button_link=&#8221;http:\/\/www.rosapsicologia.com.br\/site\/agendamento\/&#8221; text_overlay_color=&#8221;rgba(0,0,0,0.35)&#8221; body_font_size=&#8221;36&#8243; body_font_size_tablet=&#8221;18&#8243; body_font_size_phone=&#8221;18&#8243; header_line_height=&#8221;1.5em&#8221; header_line_height_tablet=&#8221;1.5em&#8221; header_line_height_phone=&#8221;1.5em&#8221; header_font_size=&#8221;48&#8243; header_font_size_tablet=&#8221;48&#8243; header_font_size_phone=&#8221;48&#8243; bg_overlay_color=&#8221;rgba(0,0,0,0.27)&#8221;]<\/p>\n<p style=\"text-align: center;\">Ser feliz \u00e9 op\u00e7\u00e3o de vida!<\/p>\n<p>[\/et_pb_slide][et_pb_slide background_image=&#8221;http:\/\/rosapsicologia.com.br\/wp-content\/uploads\/2016\/07\/banner-familia03-min.jpg&#8221; background_position=&#8221;default&#8221; background_size=&#8221;default&#8221; background_color=&#8221;rgba(0,0,0,0.44)&#8221; use_bg_overlay=&#8221;on&#8221; use_text_overlay=&#8221;off&#8221; alignment=&#8221;center&#8221; background_layout=&#8221;dark&#8221; allow_player_pause=&#8221;off&#8221; text_border_radius=&#8221;16&#8243; header_font_select=&#8221;Dancing Script&#8221; header_font=&#8221;Dancing Script|on|||&#8221; body_font_select=&#8221;default&#8221; body_font=&#8221;|on|||&#8221; custom_button=&#8221;off&#8221; button_font_select=&#8221;default&#8221; button_font=&#8221;||||&#8221; button_use_icon=&#8221;default&#8221; button_icon_placement=&#8221;right&#8221; button_on_hover=&#8221;on&#8221; heading=&#8221;Seja Bem Vindo&#8221; button_text=&#8221;Agendar uma Consulta&#8221; button_link=&#8221;http:\/\/www.rosapsicologia.com.br\/site\/agendamento\/&#8221; text_overlay_color=&#8221;rgba(0,0,0,0.35)&#8221; body_font_size=&#8221;36&#8243; body_font_size_tablet=&#8221;18&#8243; body_font_size_phone=&#8221;18&#8243; header_line_height=&#8221;1.5em&#8221; header_line_height_tablet=&#8221;1.5em&#8221; header_line_height_phone=&#8221;1.5em&#8221; header_font_size=&#8221;48&#8243; header_font_size_tablet=&#8221;48&#8243; header_font_size_phone=&#8221;48&#8243; bg_overlay_color=&#8221;rgba(0,0,0,0.27)&#8221;]<\/p>\n<p style=\"text-align: center;\">\u00a0Ser feliz \u00e9 op\u00e7\u00e3o de vida!<\/p>\n<p>[\/et_pb_slide][et_pb_slide background_image=&#8221;http:\/\/rosapsicologia.com.br\/wp-content\/uploads\/2016\/07\/banner-divan02-min.jpg&#8221; background_position=&#8221;default&#8221; background_size=&#8221;default&#8221; background_color=&#8221;rgba(0,0,0,0.44)&#8221; use_bg_overlay=&#8221;on&#8221; use_text_overlay=&#8221;off&#8221; alignment=&#8221;center&#8221; background_layout=&#8221;dark&#8221; allow_player_pause=&#8221;off&#8221; text_border_radius=&#8221;16&#8243; header_font_select=&#8221;Dancing Script&#8221; header_font=&#8221;Dancing Script|on|||&#8221; body_font_select=&#8221;default&#8221; body_font=&#8221;|on|||&#8221; custom_button=&#8221;off&#8221; button_font_select=&#8221;default&#8221; button_font=&#8221;||||&#8221; button_use_icon=&#8221;default&#8221; button_icon_placement=&#8221;right&#8221; button_on_hover=&#8221;on&#8221; heading=&#8221;Seja Bem Vindo&#8221; button_text=&#8221;Agendar uma Consulta&#8221; button_link=&#8221;http:\/\/www.rosapsicologia.com.br\/site\/agendamento\/&#8221; text_overlay_color=&#8221;rgba(0,0,0,0.35)&#8221; body_font_size=&#8221;36&#8243; body_font_size_tablet=&#8221;18&#8243; body_font_size_phone=&#8221;18&#8243; header_line_height=&#8221;1.5em&#8221; header_line_height_tablet=&#8221;1.5em&#8221; header_line_height_phone=&#8221;1.5em&#8221; header_font_size=&#8221;48&#8243; header_font_size_tablet=&#8221;48&#8243; header_font_size_phone=&#8221;48&#8243; bg_overlay_color=&#8221;rgba(0,0,0,0.27)&#8221;]<\/p>\n<p style=\"text-align: center;\">\u00a0Ser feliz \u00e9 op\u00e7\u00e3o de vida!<\/p>\n<p>[\/et_pb_slide] [\/et_pb_fullwidth_slider][\/et_pb_section][et_pb_section admin_label=&#8221;Se\u00e7\u00e3o&#8221; fullwidth=&#8221;off&#8221; specialty=&#8221;off&#8221;][et_pb_row admin_label=&#8221;Linha&#8221;][et_pb_column type=&#8221;4_4&#8243;][et_pb_divider admin_label=&#8221;Divisor&#8221; color=&#8221;#ffffff&#8221; show_divider=&#8221;off&#8221; height=&#8221;8&#8243; divider_style=&#8221;solid&#8221; divider_position=&#8221;top&#8221; hide_on_mobile=&#8221;on&#8221;] [\/et_pb_divider][et_pb_text admin_label=&#8221;Te convido a cuidar do seu bem-estar psicol\u00f3gico nesse espa\u00e7o dedicado a voc\u00ea.&#8221; background_layout=&#8221;light&#8221; text_orientation=&#8221;left&#8221; use_border_color=&#8221;off&#8221; border_color=&#8221;#ffffff&#8221; border_style=&#8221;solid&#8221; header_line_height=&#8221;1.4em&#8221; text_line_height=&#8221;1.8em&#8221;]<\/p>\n<h1 style=\"text-align: center;\">\u00a0<strong>Investir em psicoterapia \u00e9 melhorar a sua qualidade de vida e favorecer o seu crescimento pessoal.<\/strong><\/h1>\n<p>[\/et_pb_text][\/et_pb_column][\/et_pb_row][\/et_pb_section][et_pb_section admin_label=&#8221;Se\u00e7\u00e3o&#8221; fullwidth=&#8221;off&#8221; specialty=&#8221;off&#8221; transparent_background=&#8221;off&#8221; background_color=&#8221;#ffffff&#8221; allow_player_pause=&#8221;off&#8221; inner_shadow=&#8221;off&#8221; parallax=&#8221;off&#8221; parallax_method=&#8221;off&#8221; padding_mobile=&#8221;off&#8221; make_fullwidth=&#8221;off&#8221; use_custom_width=&#8221;off&#8221; width_unit=&#8221;on&#8221; make_equal=&#8221;off&#8221; use_custom_gutter=&#8221;off&#8221;][et_pb_row admin_label=&#8221;Linha&#8221;][et_pb_column type=&#8221;1_2&#8243;][et_pb_divider admin_label=&#8221;Divisor&#8221; color=&#8221;#ffffff&#8221; show_divider=&#8221;off&#8221; height=&#8221;45&#8243; divider_style=&#8221;solid&#8221; divider_position=&#8221;top&#8221; hide_on_mobile=&#8221;on&#8221;] [\/et_pb_divider][et_pb_text admin_label=&#8221;Mais do que uma mudan\u00e7a, uma transforma\u00e7\u00e3o!&#8221; background_layout=&#8221;light&#8221; text_orientation=&#8221;left&#8221; text_font_size=&#8221;15&#8243; use_border_color=&#8221;off&#8221; border_color=&#8221;#ffffff&#8221; border_style=&#8221;solid&#8221;]<\/p>\n<h4 style=\"text-align: left;\"><strong>Mais do que uma mudan\u00e7a, uma transforma\u00e7\u00e3o!<\/strong><\/h4>\n<p>[\/et_pb_text][et_pb_divider admin_label=&#8221;Divisor&#8221; color=&#8221;#ffffff&#8221; show_divider=&#8221;off&#8221; divider_style=&#8221;solid&#8221; divider_position=&#8221;top&#8221; hide_on_mobile=&#8221;on&#8221;] [\/et_pb_divider][et_pb_text admin_label=&#8221;Se os nossos pensamentos forem simples e claros estaremos melhor preparados para alcan\u00e7ar nossos objetivos\u201d Aaron Beck&#8221; background_layout=&#8221;light&#8221; text_orientation=&#8221;left&#8221; text_font_size=&#8221;16&#8243; use_border_color=&#8221;off&#8221; border_color=&#8221;#ffffff&#8221; border_style=&#8221;solid&#8221; header_line_height=&#8221;1.3em&#8221; text_line_height=&#8221;1.8em&#8221;]<\/p>\n<h4 style=\"text-align: justify;\">&#8220;Se os nossos pensamentos forem simples e claros estaremos melhor preparados para alcan\u00e7ar nossos objetivos.\u201d Aaron Beck<\/h4>\n<p>[\/et_pb_text][et_pb_divider admin_label=&#8221;Divisor&#8221; color=&#8221;#ffffff&#8221; show_divider=&#8221;off&#8221; divider_style=&#8221;solid&#8221; divider_position=&#8221;top&#8221; hide_on_mobile=&#8221;on&#8221;] [\/et_pb_divider][et_pb_text admin_label=&#8221;Atendimento para: \u2022 Crian\u00e7as \u2022 Adolescentes \u2022 Adultos&#8221; background_layout=&#8221;light&#8221; text_orientation=&#8221;left&#8221; text_font_size=&#8221;16&#8243; use_border_color=&#8221;off&#8221; border_color=&#8221;#ffffff&#8221; border_style=&#8221;solid&#8221; header_line_height=&#8221;1.3em&#8221; text_line_height=&#8221;1.8em&#8221;]<\/p>\n<p style=\"text-align: left;\"><strong>Atendimento a:<\/strong><br \/>\n\u2022\u00a0\u00a0\u00a0 Crian\u00e7as<br \/>\n\u2022\u00a0\u00a0\u00a0 Adolescentes<br \/>\n\u2022\u00a0\u00a0\u00a0 Adultos<\/p>\n<p>[\/et_pb_text][et_pb_text admin_label=&#8221;Gostaria muito de ouvir de voc\u00ea!&#8221; background_layout=&#8221;light&#8221; text_orientation=&#8221;left&#8221; use_border_color=&#8221;off&#8221; border_color=&#8221;#ffffff&#8221; border_style=&#8221;solid&#8221;]<\/p>\n<h3 style=\"text-align: left;\"><strong>Gostaria muito de ouvir voc\u00ea!<\/strong><\/h3>\n<p>[\/et_pb_text][\/et_pb_column][et_pb_column type=&#8221;1_2&#8243;][et_pb_divider admin_label=&#8221;Divisor&#8221; color=&#8221;#ffffff&#8221; show_divider=&#8221;off&#8221; height=&#8221;5&#8243; divider_style=&#8221;solid&#8221; divider_position=&#8221;top&#8221; hide_on_mobile=&#8221;on&#8221;] [\/et_pb_divider][et_pb_image admin_label=&#8221;Imagem&#8221; src=&#8221;http:\/\/rosapsicologia.com.br\/wp-content\/uploads\/2016\/07\/correntes2.png&#8221; show_in_lightbox=&#8221;off&#8221; url_new_window=&#8221;off&#8221; use_overlay=&#8221;off&#8221; animation=&#8221;off&#8221; sticky=&#8221;off&#8221; align=&#8221;center&#8221; force_fullwidth=&#8221;off&#8221; always_center_on_mobile=&#8221;on&#8221; use_border_color=&#8221;off&#8221; border_color=&#8221;#ffffff&#8221; border_style=&#8221;solid&#8221;] [\/et_pb_image][\/et_pb_column][\/et_pb_row][\/et_pb_section][et_pb_section admin_label=&#8221;Se\u00e7\u00e3o&#8221; fullwidth=&#8221;off&#8221; specialty=&#8221;off&#8221; transparent_background=&#8221;off&#8221; background_color=&#8221;#ffffff&#8221; allow_player_pause=&#8221;off&#8221; inner_shadow=&#8221;off&#8221; parallax=&#8221;off&#8221; parallax_method=&#8221;off&#8221; padding_mobile=&#8221;off&#8221; make_fullwidth=&#8221;off&#8221; use_custom_width=&#8221;off&#8221; width_unit=&#8221;on&#8221; make_equal=&#8221;off&#8221; use_custom_gutter=&#8221;off&#8221; module_id=&#8221;agende&#8221;][et_pb_row admin_label=&#8221;Linha&#8221;][et_pb_column type=&#8221;4_4&#8243;][et_pb_divider admin_label=&#8221;Divisor&#8221; color=&#8221;#ffffff&#8221; show_divider=&#8221;off&#8221; height=&#8221;18&#8243; divider_style=&#8221;solid&#8221; divider_position=&#8221;top&#8221; hide_on_mobile=&#8221;on&#8221;] [\/et_pb_divider][\/et_pb_column][\/et_pb_row][et_pb_row admin_label=&#8221;Linha&#8221;][et_pb_column type=&#8221;1_3&#8243;][\/et_pb_column][et_pb_column type=&#8221;1_3&#8243;][et_pb_text admin_label=&#8221;Bradesco Sa\u00fade&#8221; background_layout=&#8221;light&#8221; text_orientation=&#8221;left&#8221; use_border_color=&#8221;off&#8221; border_color=&#8221;#ffffff&#8221; border_style=&#8221;solid&#8221;]<\/p>\n<p style=\"text-align: center;\"><strong>Conv\u00eanios<br \/>\n<\/strong><\/p>\n<p style=\"text-align: center;\"><img loading=\"lazy\" decoding=\"async\" class=\"aligncenter wp-image-497 size-medium\" src=\"http:\/\/www.rosapsicologia.com.br\/wp-content\/uploads\/2016\/07\/convenio2b-300x47.jpg\" width=\"300\" height=\"47\" srcset=\"http:\/\/rosapsicologia.com.br\/site\/wp-content\/uploads\/2016\/07\/convenio2b-300x47.jpg 300w, http:\/\/rosapsicologia.com.br\/site\/wp-content\/uploads\/2016\/07\/convenio2b.jpg 380w\" sizes=\"(max-width: 300px) 100vw, 300px\" \/><\/p>\n<p>[\/et_pb_text][\/et_pb_column][et_pb_column type=&#8221;1_3&#8243;][\/et_pb_column][\/et_pb_row][et_pb_row admin_label=&#8221;Linha&#8221;][et_pb_column type=&#8221;4_4&#8243;][et_pb_divider admin_label=&#8221;Divisor&#8221; color=&#8221;#ffffff&#8221; show_divider=&#8221;off&#8221; height=&#8221;18&#8243; divider_style=&#8221;solid&#8221; divider_position=&#8221;top&#8221; hide_on_mobile=&#8221;on&#8221;] [\/et_pb_divider][\/et_pb_column][\/et_pb_row][\/et_pb_section][et_pb_section admin_label=&#8221;Se\u00e7\u00e3o&#8221; fullwidth=&#8221;off&#8221; specialty=&#8221;off&#8221; transparent_background=&#8221;off&#8221; background_color=&#8221;#a3c7bd&#8221; allow_player_pause=&#8221;off&#8221; inner_shadow=&#8221;off&#8221; parallax=&#8221;off&#8221; parallax_method=&#8221;off&#8221; padding_mobile=&#8221;off&#8221; make_fullwidth=&#8221;off&#8221; use_custom_width=&#8221;off&#8221; width_unit=&#8221;on&#8221; make_equal=&#8221;off&#8221; use_custom_gutter=&#8221;off&#8221;][et_pb_row admin_label=&#8221;Linha&#8221;][et_pb_column type=&#8221;4_4&#8243;][et_pb_text admin_label=&#8221;Copyright Rosa Psicologia | Desenvolvido por Sua Empresa na Internet.net&#8221; background_layout=&#8221;dark&#8221; text_orientation=&#8221;left&#8221; use_border_color=&#8221;off&#8221; border_color=&#8221;#ffffff&#8221; border_style=&#8221;solid&#8221;]<\/p>\n<p style=\"text-align: center;\"><span style=\"color: #ffffff;\">Endere\u00e7o: Rua Zelindo Volpi, 21 \u2013 Sala 03 \u2013 Eloy Chaves \u2013 Jundia\u00ed \u2013 SP\u00a0 |\u00a0 e-mail: <a style=\"color: #ffffff;\" href=\"mailto:contato@rosapsicologia.com.br\">contato@rosapsicologia.com.br<\/a><\/span><\/p>\n<p style=\"text-align: center;\"><span style=\"color: #ffffff;\">Copyright Rosa Psicologia\u00a0 |\u00a0 Desenvolvido por <a style=\"color: #ffffff;\" href=\"http:\/\/www.suaempresanainternet.net\" target=\"_blank\">Sua Empresa na Internet.net<\/a><\/span><\/p>\n<p>[\/et_pb_text][\/et_pb_column][\/et_pb_row][\/et_pb_section]<\/p>\n","protected":false},"excerpt":{"rendered":"<p>\u00a0Ser feliz \u00e9 op\u00e7\u00e3o de vida! Ser feliz \u00e9 op\u00e7\u00e3o de vida! \u00a0Ser feliz \u00e9 op\u00e7\u00e3o de vida! \u00a0Ser feliz \u00e9 op\u00e7\u00e3o de vida! \u00a0Investir em psicoterapia \u00e9 melhorar a sua qualidade de vida e favorecer o seu crescimento pessoal. Mais do que uma mudan\u00e7a, uma transforma\u00e7\u00e3o! &#8220;Se os nossos pensamentos forem simples e claros [&hellip;]<\/p>\n","protected":false},"author":1,"featured_media":0,"parent":0,"menu_order":0,"comment_status":"closed","ping_status":"closed","template":"page-template-blank.php","meta":{"_et_pb_use_builder":"on","_et_pb_old_content":"","_et_gb_content_width":"","footnotes":""},"_links":{"self":[{"href":"http:\/\/rosapsicologia.com.br\/site\/wp-json\/wp\/v2\/pages\/39"}],"collection":[{"href":"http:\/\/rosapsicologia.com.br\/site\/wp-json\/wp\/v2\/pages"}],"about":[{"href":"http:\/\/rosapsicologia.com.br\/site\/wp-json\/wp\/v2\/types\/page"}],"author":[{"embeddable":true,"href":"http:\/\/rosapsicologia.com.br\/site\/wp-json\/wp\/v2\/users\/1"}],"replies":[{"embeddable":true,"href":"http:\/\/rosapsicologia.com.br\/site\/wp-json\/wp\/v2\/comments?post=39"}],"version-history":[{"count":259,"href":"http:\/\/rosapsicologia.com.br\/site\/wp-json\/wp\/v2\/pages\/39\/revisions"}],"predecessor-version":[{"id":629,"href":"http:\/\/rosapsicologia.com.br\/site\/wp-json\/wp\/v2\/pages\/39\/revisions\/629"}],"wp:attachment":[{"href":"http:\/\/rosapsicologia.com.br\/site\/wp-json\/wp\/v2\/media?parent=39"}],"curies":[{"name":"wp","href":"https:\/\/api.w.org\/{rel}","templated":true}]}}