{"id":280,"date":"2016-08-09T12:57:23","date_gmt":"2016-08-09T12:57:23","guid":{"rendered":"http:\/\/rosapsicologia.com.br\/site\/?page_id=280"},"modified":"2016-09-23T14:11:51","modified_gmt":"2016-09-23T14:11:51","slug":"consultorio","status":"publish","type":"page","link":"http:\/\/rosapsicologia.com.br\/site\/consultorio\/","title":{"rendered":"Consult\u00f3rio"},"content":{"rendered":"<p>[et_pb_section admin_label=&#8221;section&#8221; fullwidth=&#8221;off&#8221; specialty=&#8221;off&#8221; background_color=&#8221;#d4e4e0&#8243; inner_shadow=&#8221;off&#8221; parallax=&#8221;off&#8221; transparent_background=&#8221;off&#8221; allow_player_pause=&#8221;off&#8221; parallax_method=&#8221;off&#8221; padding_mobile=&#8221;off&#8221; make_fullwidth=&#8221;off&#8221; use_custom_width=&#8221;off&#8221; width_unit=&#8221;on&#8221; make_equal=&#8221;off&#8221; use_custom_gutter=&#8221;off&#8221;][et_pb_row admin_label=&#8221;row&#8221;][et_pb_column type=&#8221;2_3&#8243;][et_pb_divider admin_label=&#8221;Divisor&#8221; color=&#8221;#ffffff&#8221; show_divider=&#8221;off&#8221; divider_style=&#8221;solid&#8221; divider_position=&#8221;top&#8221; hide_on_mobile=&#8221;on&#8221;] [\/et_pb_divider][et_pb_image admin_label=&#8221;logo andreia&#8221; src=&#8221;http:\/\/rosapsicologia.com.br\/wp-content\/uploads\/2016\/07\/logo-andreia4b.png&#8221; show_in_lightbox=&#8221;off&#8221; url_new_window=&#8221;off&#8221; use_overlay=&#8221;off&#8221; animation=&#8221;off&#8221; sticky=&#8221;off&#8221; align=&#8221;left&#8221; force_fullwidth=&#8221;off&#8221; always_center_on_mobile=&#8221;on&#8221; use_border_color=&#8221;off&#8221; border_color=&#8221;#ffffff&#8221; border_style=&#8221;solid&#8221;] [\/et_pb_image][\/et_pb_column][et_pb_column type=&#8221;1_3&#8243;][et_pb_image admin_label=&#8221;psicologa&#8221; src=&#8221;http:\/\/www.rosapsicologia.com.br\/wp-content\/uploads\/2016\/08\/psicologa7b.png&#8221; show_in_lightbox=&#8221;off&#8221; url_new_window=&#8221;off&#8221; use_overlay=&#8221;off&#8221; animation=&#8221;off&#8221; sticky=&#8221;off&#8221; align=&#8221;right&#8221; force_fullwidth=&#8221;off&#8221; always_center_on_mobile=&#8221;on&#8221; use_border_color=&#8221;off&#8221; border_color=&#8221;#ffffff&#8221; border_style=&#8221;solid&#8221;] [\/et_pb_image][\/et_pb_column][\/et_pb_row][\/et_pb_section][et_pb_section admin_label=&#8221;Se\u00e7\u00e3o&#8221; fullwidth=&#8221;on&#8221; specialty=&#8221;off&#8221; transparent_background=&#8221;off&#8221; background_color=&#8221;#72a538&#8243; allow_player_pause=&#8221;off&#8221; inner_shadow=&#8221;off&#8221; parallax=&#8221;off&#8221; parallax_method=&#8221;off&#8221; padding_mobile=&#8221;off&#8221; make_fullwidth=&#8221;off&#8221; use_custom_width=&#8221;off&#8221; width_unit=&#8221;on&#8221; make_equal=&#8221;off&#8221; use_custom_gutter=&#8221;off&#8221;][et_pb_fullwidth_menu admin_label=&#8221;Menu de Largura Completa&#8221; menu_id=&#8221;2&#8243; background_color=&#8221;#a3c7bd&#8221; background_layout=&#8221;dark&#8221; text_orientation=&#8221;left&#8221; submenu_direction=&#8221;downwards&#8221; fullwidth_menu=&#8221;off&#8221; dropdown_menu_animation=&#8221;fade&#8221; menu_font_size=&#8221;18px&#8221; menu_font=&#8221;|on|||&#8221; active_link_color=&#8221;#4a4c67&#8243; dropdown_menu_text_color=&#8221;#4a4c67&#8243; module_id=&#8221;secondheader&#8221; module_class=&#8221;secondheader&#8221; custom_css_active_menu_link=&#8221;color:#FFFFFF;||background: #169F45;&#8221;] [\/et_pb_fullwidth_menu][\/et_pb_section][et_pb_section admin_label=&#8221;Se\u00e7\u00e3o&#8221; fullwidth=&#8221;on&#8221; specialty=&#8221;off&#8221;][et_pb_fullwidth_post_title admin_label=&#8221;T\u00edtulo da Publica\u00e7\u00e3o de Largura Inteira&#8221; title=&#8221;on&#8221; meta=&#8221;off&#8221; author=&#8221;on&#8221; date=&#8221;on&#8221; categories=&#8221;on&#8221; comments=&#8221;on&#8221; featured_image=&#8221;off&#8221; featured_placement=&#8221;below&#8221; parallax_effect=&#8221;on&#8221; parallax_method=&#8221;on&#8221; text_orientation=&#8221;left&#8221; text_color=&#8221;dark&#8221; text_background=&#8221;off&#8221; text_bg_color=&#8221;rgba(255,255,255,0.9)&#8221; module_bg_color=&#8221;rgba(255,255,255,0)&#8221; title_all_caps=&#8221;off&#8221; use_border_color=&#8221;off&#8221; border_color=&#8221;#ffffff&#8221; border_style=&#8221;solid&#8221;] [\/et_pb_fullwidth_post_title][\/et_pb_section][et_pb_section admin_label=&#8221;Se\u00e7\u00e3o&#8221; fullwidth=&#8221;off&#8221; specialty=&#8221;off&#8221;][et_pb_row admin_label=&#8221;Linha&#8221;][et_pb_column type=&#8221;1_2&#8243;][et_pb_divider admin_label=&#8221;Divisor&#8221; color=&#8221;#ffffff&#8221; show_divider=&#8221;off&#8221; height=&#8221;6&#8243; divider_style=&#8221;solid&#8221; divider_position=&#8221;top&#8221; hide_on_mobile=&#8221;on&#8221;] [\/et_pb_divider][et_pb_text admin_label=&#8221;Procura por consult\u00f3rio de psicologia em Jundia\u00ed?&#8221; background_layout=&#8221;light&#8221; text_orientation=&#8221;left&#8221; use_border_color=&#8221;off&#8221; border_color=&#8221;#ffffff&#8221; border_style=&#8221;solid&#8221;]<\/p>\n<h4><strong>Procura por consult\u00f3rio de psicologia em Jundia\u00ed?<\/strong><\/h4>\n<p>[\/et_pb_text][et_pb_divider admin_label=&#8221;Divisor&#8221; color=&#8221;#ffffff&#8221; show_divider=&#8221;off&#8221; height=&#8221;6&#8243; divider_style=&#8221;solid&#8221; divider_position=&#8221;top&#8221; hide_on_mobile=&#8221;on&#8221;] [\/et_pb_divider][et_pb_text admin_label=&#8221;O Consult\u00f3rio de Psicologia tem estrutura ideal para atendimentos com foco na abordagem psicoterap\u00eautica. Possui sala equipada com confort\u00e1veis poltronas visando facilitar o desenvolvimento do processo terap\u00eautico. Contamos ainda com ambiente discreto e silencioso, al\u00e9m de estarmos localizados num endere\u00e7o de f\u00e1cil acesso por \u00f4nibus ou carro.&#8221; background_layout=&#8221;light&#8221; text_orientation=&#8221;left&#8221; use_border_color=&#8221;off&#8221; border_color=&#8221;#ffffff&#8221; border_style=&#8221;solid&#8221; header_line_height=&#8221;1.3em&#8221; text_font_size=&#8221;15&#8243;]<\/p>\n<p style=\"text-align: justify;\">Nosso espa\u00e7o tem estrutura ideal para atendimentos com foco na abordagem cognitiva comportamental. Possui ambiente confort\u00e1vel visando facilitar o desenvolvimento do processo psicoterap\u00eautico. Contamos ainda com uma \u00f3tima localiza\u00e7\u00e3o num endere\u00e7o de f\u00e1cil acesso pr\u00f3ximo do terminal Eloy Chaves.<\/p>\n<p>[\/et_pb_text][\/et_pb_column][et_pb_column type=&#8221;1_2&#8243;][et_pb_gallery admin_label=&#8221;Galeria&#8221; gallery_ids=&#8221;592,593,618,619,620,616&#8243; fullwidth=&#8221;on&#8221; show_title_and_caption=&#8221;on&#8221; show_pagination=&#8221;on&#8221; background_layout=&#8221;light&#8221; auto=&#8221;on&#8221; hover_overlay_color=&#8221;rgba(255,255,255,0.9)&#8221; caption_all_caps=&#8221;off&#8221; use_border_color=&#8221;off&#8221; border_color=&#8221;#ffffff&#8221; border_style=&#8221;solid&#8221; custom_css_main_element=&#8221;max-width: 600px;||max-height: 450px;&#8221; module_class=&#8221;dotstyle-smalldotstroke&#8221;] [\/et_pb_gallery][\/et_pb_column][\/et_pb_row][\/et_pb_section][et_pb_section admin_label=&#8221;Se\u00e7\u00e3o&#8221; fullwidth=&#8221;off&#8221; specialty=&#8221;off&#8221;][et_pb_row admin_label=&#8221;Linha&#8221;][et_pb_column type=&#8221;4_4&#8243;][et_pb_divider admin_label=&#8221;Divisor&#8221; color=&#8221;#ffffff&#8221; show_divider=&#8221;off&#8221; height=&#8221;6&#8243; divider_style=&#8221;solid&#8221; divider_position=&#8221;top&#8221; hide_on_mobile=&#8221;on&#8221;] [\/et_pb_divider][et_pb_text admin_label=&#8221;Rua Zelindo Volpi, 21 &#8211; Sala 03 &#8211; Eloy Chaves (Ao lado do Terminal) &#8211; Jundia\u00ed &#8211; SP&#8221; background_layout=&#8221;light&#8221; text_orientation=&#8221;left&#8221; use_border_color=&#8221;off&#8221; border_color=&#8221;#ffffff&#8221; border_style=&#8221;solid&#8221;]<\/p>\n<h4 style=\"text-align: center;\">Rua Zelindo Volpi, 21 &#8211;\u00a0Sala 03 &#8211; Eloy Chaves (Ao lado do Terminal)\u00a0&#8211; Jundia\u00ed &#8211; SP<\/h4>\n<p style=\"text-align: center;\">[\/et_pb_text][et_pb_divider admin_label=&#8221;Divisor&#8221; color=&#8221;#ffffff&#8221; show_divider=&#8221;off&#8221; height=&#8221;6&#8243; divider_style=&#8221;solid&#8221; divider_position=&#8221;top&#8221; hide_on_mobile=&#8221;on&#8221;] [\/et_pb_divider][\/et_pb_column][\/et_pb_row][\/et_pb_section][et_pb_section admin_label=&#8221;Se\u00e7\u00e3o&#8221; fullwidth=&#8221;on&#8221; specialty=&#8221;off&#8221;][et_pb_fullwidth_map admin_label=&#8221;Mapa de Largura Completa&#8221; address=&#8221;R. Zelindo Volpi, 21 &#8211; Jardim Ermida I, Jundia\u00ed &#8211; SP, 13212-112, Brasil&#8221; address_lat=&#8221;-23.1872113&#8243; address_lng=&#8221;-46.96634080000001&#8243; mouse_wheel=&#8221;on&#8221; mobile_dragging=&#8221;on&#8221;] [et_pb_map_pin title=&#8221;Rua Zelindo Volpi, 21 &#8211; Sala 03 &#8211; Eloy Chaves (Ao lado do Terminal) &#8211; Jundia\u00ed &#8211; SP&#8221; pin_address=&#8221;R. Zelindo Volpi, 21 &#8211; Jardim Ermida I, Jundia\u00ed &#8211; SP, 13212-112, Brasil&#8221; pin_address_lat=&#8221;-23.1872113&#8243; pin_address_lng=&#8221;-46.96634080000001&#8243;] [\/et_pb_map_pin] [\/et_pb_fullwidth_map][\/et_pb_section][et_pb_section admin_label=&#8221;Se\u00e7\u00e3o&#8221; fullwidth=&#8221;off&#8221; specialty=&#8221;off&#8221;][et_pb_row admin_label=&#8221;Linha&#8221;][et_pb_column type=&#8221;4_4&#8243;][et_pb_divider admin_label=&#8221;Divisor&#8221; color=&#8221;#ffffff&#8221; show_divider=&#8221;off&#8221; height=&#8221;6&#8243; divider_style=&#8221;solid&#8221; divider_position=&#8221;top&#8221; hide_on_mobile=&#8221;on&#8221;] [\/et_pb_divider][\/et_pb_column][\/et_pb_row][\/et_pb_section][et_pb_section admin_label=&#8221;Se\u00e7\u00e3o&#8221; global_module=&#8221;392&#8243; fullwidth=&#8221;off&#8221; specialty=&#8221;off&#8221; transparent_background=&#8221;off&#8221; background_color=&#8221;#ffffff&#8221; allow_player_pause=&#8221;off&#8221; inner_shadow=&#8221;off&#8221; parallax=&#8221;off&#8221; parallax_method=&#8221;off&#8221; padding_mobile=&#8221;off&#8221; make_fullwidth=&#8221;off&#8221; use_custom_width=&#8221;off&#8221; width_unit=&#8221;on&#8221; make_equal=&#8221;off&#8221; use_custom_gutter=&#8221;off&#8221;][et_pb_row global_parent=&#8221;392&#8243; admin_label=&#8221;Linha&#8221;][et_pb_column type=&#8221;4_4&#8243;][et_pb_text global_parent=&#8221;392&#8243; admin_label=&#8221;Agende&#8221; background_layout=&#8221;light&#8221; text_orientation=&#8221;left&#8221; use_border_color=&#8221;off&#8221; border_color=&#8221;#ffffff&#8221; border_style=&#8221;solid&#8221;]<\/p>\n<p><img loading=\"lazy\" decoding=\"async\" class=\"aligncenter wp-image-391 size-full\" src=\"http:\/\/www.rosapsicologia.com.br\/wp-content\/uploads\/2016\/08\/agende.gif\" width=\"253\" height=\"92\" \/><\/p>\n<p style=\"text-align: center;\">\n<p style=\"text-align: center;\">[\/et_pb_text][et_pb_divider global_parent=&#8221;392&#8243; admin_label=&#8221;Divisor&#8221; color=&#8221;#ffffff&#8221; show_divider=&#8221;off&#8221; height=&#8221;18&#8243; divider_style=&#8221;solid&#8221; divider_position=&#8221;top&#8221; hide_on_mobile=&#8221;on&#8221;]<br \/>\n[\/et_pb_divider][\/et_pb_column][\/et_pb_row][\/et_pb_section][et_pb_section admin_label=&#8221;Se\u00e7\u00e3o&#8221; fullwidth=&#8221;off&#8221; specialty=&#8221;off&#8221; transparent_background=&#8221;off&#8221; background_color=&#8221;#a3c7bd&#8221; allow_player_pause=&#8221;off&#8221; inner_shadow=&#8221;off&#8221; parallax=&#8221;off&#8221; parallax_method=&#8221;off&#8221; padding_mobile=&#8221;off&#8221; make_fullwidth=&#8221;off&#8221; use_custom_width=&#8221;off&#8221; width_unit=&#8221;on&#8221; make_equal=&#8221;off&#8221; use_custom_gutter=&#8221;off&#8221;][et_pb_row admin_label=&#8221;Linha&#8221;][et_pb_column type=&#8221;4_4&#8243;][et_pb_text admin_label=&#8221;Copyright Rosa Psicologia | Desenvolvido por Sua Empresa na Internet.net&#8221; background_layout=&#8221;dark&#8221; text_orientation=&#8221;left&#8221; use_border_color=&#8221;off&#8221; border_color=&#8221;#ffffff&#8221; border_style=&#8221;solid&#8221;]<\/p>\n<p style=\"text-align: center;\"><span style=\"color: #000000;\"><span style=\"color: #ffffff;\">Endere\u00e7o: Rua Zelindo Volpi, 21 \u2013 Sala 03 \u2013 Eloy Chaves \u2013 Jundia\u00ed \u2013 SP\u00a0 |\u00a0 e-mail: <a style=\"color: #ffffff;\" href=\"mailto:contato@rosapsicologia.com.br\">contato@rosapsicologia.com.br<\/a><\/span><\/span><\/p>\n<p style=\"text-align: center;\"><span style=\"color: #ffffff;\">Copyright Rosa Psicologia\u00a0 |\u00a0 Desenvolvido por <a style=\"color: #ffffff;\" href=\"http:\/\/www.suaempresanainternet.net\" target=\"_blank\">Sua Empresa na Internet.net<\/a><\/span><\/p>\n<p style=\"text-align: center;\">[\/et_pb_text][\/et_pb_column][\/et_pb_row][\/et_pb_section]<\/p>\n","protected":false},"excerpt":{"rendered":"<p>Procura por consult\u00f3rio de psicologia em Jundia\u00ed? Nosso espa\u00e7o tem estrutura ideal para atendimentos com foco na abordagem cognitiva comportamental. Possui ambiente confort\u00e1vel visando facilitar o desenvolvimento do processo psicoterap\u00eautico. Contamos ainda com uma \u00f3tima localiza\u00e7\u00e3o num endere\u00e7o de f\u00e1cil acesso pr\u00f3ximo do terminal Eloy Chaves. Rua Zelindo Volpi, 21 &#8211;\u00a0Sala 03 &#8211; Eloy Chaves [&hellip;]<\/p>\n","protected":false},"author":1,"featured_media":0,"parent":0,"menu_order":0,"comment_status":"closed","ping_status":"closed","template":"page-template-blank.php","meta":{"_et_pb_use_builder":"on","_et_pb_old_content":"","_et_gb_content_width":"","footnotes":""},"_links":{"self":[{"href":"http:\/\/rosapsicologia.com.br\/site\/wp-json\/wp\/v2\/pages\/280"}],"collection":[{"href":"http:\/\/rosapsicologia.com.br\/site\/wp-json\/wp\/v2\/pages"}],"about":[{"href":"http:\/\/rosapsicologia.com.br\/site\/wp-json\/wp\/v2\/types\/page"}],"author":[{"embeddable":true,"href":"http:\/\/rosapsicologia.com.br\/site\/wp-json\/wp\/v2\/users\/1"}],"replies":[{"embeddable":true,"href":"http:\/\/rosapsicologia.com.br\/site\/wp-json\/wp\/v2\/comments?post=280"}],"version-history":[{"count":54,"href":"http:\/\/rosapsicologia.com.br\/site\/wp-json\/wp\/v2\/pages\/280\/revisions"}],"predecessor-version":[{"id":636,"href":"http:\/\/rosapsicologia.com.br\/site\/wp-json\/wp\/v2\/pages\/280\/revisions\/636"}],"wp:attachment":[{"href":"http:\/\/rosapsicologia.com.br\/site\/wp-json\/wp\/v2\/media?parent=280"}],"curies":[{"name":"wp","href":"https:\/\/api.w.org\/{rel}","templated":true}]}}