{"id":278,"date":"2016-08-09T12:56:40","date_gmt":"2016-08-09T12:56:40","guid":{"rendered":"http:\/\/rosapsicologia.com.br\/site\/?page_id=278"},"modified":"2016-09-23T14:14:45","modified_gmt":"2016-09-23T14:14:45","slug":"psicologia","status":"publish","type":"page","link":"http:\/\/rosapsicologia.com.br\/site\/psicologia\/","title":{"rendered":"Psicologia"},"content":{"rendered":"<p>[et_pb_section admin_label=&#8221;section&#8221; fullwidth=&#8221;off&#8221; specialty=&#8221;off&#8221; background_color=&#8221;#d4e4e0&#8243; inner_shadow=&#8221;off&#8221; parallax=&#8221;off&#8221; transparent_background=&#8221;off&#8221; allow_player_pause=&#8221;off&#8221; parallax_method=&#8221;off&#8221; padding_mobile=&#8221;off&#8221; make_fullwidth=&#8221;off&#8221; use_custom_width=&#8221;off&#8221; width_unit=&#8221;on&#8221; make_equal=&#8221;off&#8221; use_custom_gutter=&#8221;off&#8221;][et_pb_row admin_label=&#8221;row&#8221;][et_pb_column type=&#8221;2_3&#8243;][et_pb_divider admin_label=&#8221;Divisor&#8221; color=&#8221;#ffffff&#8221; show_divider=&#8221;off&#8221; divider_style=&#8221;solid&#8221; divider_position=&#8221;top&#8221; hide_on_mobile=&#8221;on&#8221;]<br \/>\n[\/et_pb_divider][et_pb_image admin_label=&#8221;logo andreia&#8221; src=&#8221;http:\/\/rosapsicologia.com.br\/wp-content\/uploads\/2016\/07\/logo-andreia4b.png&#8221; show_in_lightbox=&#8221;off&#8221; url_new_window=&#8221;off&#8221; use_overlay=&#8221;off&#8221; animation=&#8221;off&#8221; sticky=&#8221;off&#8221; align=&#8221;left&#8221; force_fullwidth=&#8221;off&#8221; always_center_on_mobile=&#8221;on&#8221; use_border_color=&#8221;off&#8221; border_color=&#8221;#ffffff&#8221; border_style=&#8221;solid&#8221;]<br \/>\n[\/et_pb_image][\/et_pb_column][et_pb_column type=&#8221;1_3&#8243;][et_pb_image admin_label=&#8221;psicologa&#8221; src=&#8221;http:\/\/www.rosapsicologia.com.br\/wp-content\/uploads\/2016\/08\/psicologa7b.png&#8221; show_in_lightbox=&#8221;off&#8221; url_new_window=&#8221;off&#8221; use_overlay=&#8221;off&#8221; animation=&#8221;off&#8221; sticky=&#8221;off&#8221; align=&#8221;right&#8221; force_fullwidth=&#8221;off&#8221; always_center_on_mobile=&#8221;on&#8221; use_border_color=&#8221;off&#8221; border_color=&#8221;#ffffff&#8221; border_style=&#8221;solid&#8221;]<br \/>\n[\/et_pb_image][\/et_pb_column][\/et_pb_row][\/et_pb_section][et_pb_section admin_label=&#8221;Se\u00e7\u00e3o&#8221; fullwidth=&#8221;on&#8221; specialty=&#8221;off&#8221; transparent_background=&#8221;off&#8221; background_color=&#8221;#72a538&#8243; allow_player_pause=&#8221;off&#8221; inner_shadow=&#8221;off&#8221; parallax=&#8221;off&#8221; parallax_method=&#8221;off&#8221; padding_mobile=&#8221;off&#8221; make_fullwidth=&#8221;off&#8221; use_custom_width=&#8221;off&#8221; width_unit=&#8221;on&#8221; make_equal=&#8221;off&#8221; use_custom_gutter=&#8221;off&#8221;][et_pb_fullwidth_menu admin_label=&#8221;Menu de Largura Completa&#8221; menu_id=&#8221;2&#8243; background_color=&#8221;#a3c7bd&#8221; background_layout=&#8221;dark&#8221; text_orientation=&#8221;left&#8221; submenu_direction=&#8221;downwards&#8221; fullwidth_menu=&#8221;off&#8221; dropdown_menu_animation=&#8221;fade&#8221; menu_font_size=&#8221;18px&#8221; menu_font=&#8221;|on|||&#8221; active_link_color=&#8221;#4a4c67&#8243; dropdown_menu_text_color=&#8221;#4a4c67&#8243; module_id=&#8221;secondheader&#8221; module_class=&#8221;secondheader&#8221; custom_css_active_menu_link=&#8221;color:#FFFFFF;||background: #169F45;&#8221;]<br \/>\n[\/et_pb_fullwidth_menu][\/et_pb_section][et_pb_section admin_label=&#8221;Se\u00e7\u00e3o&#8221; fullwidth=&#8221;on&#8221; specialty=&#8221;off&#8221;][et_pb_fullwidth_post_title admin_label=&#8221;T\u00edtulo da Publica\u00e7\u00e3o de Largura Inteira&#8221; title=&#8221;on&#8221; meta=&#8221;off&#8221; author=&#8221;on&#8221; date=&#8221;on&#8221; categories=&#8221;on&#8221; comments=&#8221;on&#8221; featured_image=&#8221;off&#8221; featured_placement=&#8221;below&#8221; parallax_effect=&#8221;on&#8221; parallax_method=&#8221;on&#8221; text_orientation=&#8221;left&#8221; text_color=&#8221;dark&#8221; text_background=&#8221;off&#8221; text_bg_color=&#8221;rgba(255,255,255,0.9)&#8221; module_bg_color=&#8221;rgba(255,255,255,0)&#8221; title_all_caps=&#8221;off&#8221; use_border_color=&#8221;off&#8221; border_color=&#8221;#ffffff&#8221; border_style=&#8221;solid&#8221;] [\/et_pb_fullwidth_post_title][\/et_pb_section][et_pb_section admin_label=&#8221;Se\u00e7\u00e3o&#8221; fullwidth=&#8221;off&#8221; specialty=&#8221;off&#8221;][et_pb_row admin_label=&#8221;Linha&#8221;][et_pb_column type=&#8221;4_4&#8243;][et_pb_text admin_label=&#8221;Texto&#8221; background_layout=&#8221;light&#8221; text_orientation=&#8221;left&#8221; use_border_color=&#8221;off&#8221; border_color=&#8221;#ffffff&#8221; border_style=&#8221;solid&#8221;]<\/p>\n<p style=\"text-align: justify;\">A Psicologia \u00e9 uma ci\u00eancia que estuda o comportamento humano e seus processos mentais, significa o estudo da alma. Dentro da Psicologia Cl\u00ednica existem v\u00e1rias abordagens te\u00f3ricas ou linhas de trabalho, tais como, Psicologia como a Psican\u00e1lise, Psicologia Existencial-Humanista, Psicodrama, Psicologia Comportamental, entre outras. Cada uma delas compreende o ser humano de forma diferente, por\u00e9m todas tem o mesmo objetivo de entender o funcionamento humano.<\/p>\n<p style=\"text-align: justify;\">Atualmente ouvimos falar muito da Terapia Cognitivo Comportamental (TCC), \u00e9 uma abordagem objetiva, com bases em pesquisas cient\u00edficas, que procura tratar os sintomas de maneira direta e eficaz, com \u00eanfase no presente. Ela utiliza uma variedade de t\u00e9cnicas para mudan\u00e7as de pensamentos, humor e comportamento.<\/p>\n<p style=\"text-align: justify;\">\u00c9 cada vez maior o n\u00famero de pessoas bem sucedidas com esse tipo de tratamento. A TCC est\u00e1 sendo reconhecida e indicada pelos profissionais da \u00e1rea de sa\u00fade, devido ao grande sucesso da recupera\u00e7\u00e3o dos pacientes em rela\u00e7\u00e3o \u00e0s outras formas de psicoterapia.<\/p>\n<h5 style=\"text-align: justify;\"><strong>Por que procurar um psic\u00f3logo?<\/strong><\/h5>\n<p style=\"text-align: justify;\">O psic\u00f3logo \u00e9 um especialista essencial nesse processo de busca do equil\u00edbrio ps\u00edquico.<\/p>\n<p style=\"text-align: justify;\">\u00c9 fundamental a ajuda de um especialista no assunto, quando n\u00e3o sabemos como enfrentar os problemas e conflitos do dia-dia.<br \/>\nProcurar um psic\u00f3logo \u00e9 reservar um espa\u00e7o e um tempo na sua vida para cuidar de voc\u00ea.<\/p>\n<p style=\"text-align: justify;\"><strong>Psicoterapia:<\/strong><\/p>\n<p style=\"text-align: justify;\">A Psicoterapia tem como objetivo ajudar o indiv\u00edduo a lidar com suas emo\u00e7\u00f5es e com seus conflitos psicol\u00f3gicos. \u00c9 um tratamento de come\u00e7o meio e fim, ela pode ser indicada nos casos de Ansiedade Generalizada, Depress\u00e3o e altera\u00e7\u00f5es do humor, Transtorno do P\u00e2nico, Fobias, Ins\u00f4nia, Problemas com o Sono, Transtornos Alimentares e entre outros.<\/p>\n<p style=\"text-align: justify;\"><strong>Caracter\u00edsticas:<\/strong><\/p>\n<ul>\n<li style=\"text-align: justify;\">Consulta presencial no consult\u00f3rio.<\/li>\n<li style=\"text-align: justify;\">Psicodiagn\u00f3stico<\/li>\n<li style=\"text-align: justify;\">Avalia\u00e7\u00f5es, utiliza\u00e7\u00e3o de testes padronizados.<\/li>\n<li style=\"text-align: justify;\">Processo mais longo e profundo, com maiores n\u00fameros de sess\u00f5es.<\/li>\n<li style=\"text-align: justify;\">Privacidade e maior seguran\u00e7a das informa\u00e7\u00f5es.<\/li>\n<\/ul>\n<p>[\/et_pb_text][\/et_pb_column][\/et_pb_row][\/et_pb_section][et_pb_section admin_label=&#8221;Se\u00e7\u00e3o&#8221; global_module=&#8221;392&#8243; fullwidth=&#8221;off&#8221; specialty=&#8221;off&#8221; transparent_background=&#8221;off&#8221; background_color=&#8221;#ffffff&#8221; allow_player_pause=&#8221;off&#8221; inner_shadow=&#8221;off&#8221; parallax=&#8221;off&#8221; parallax_method=&#8221;off&#8221; padding_mobile=&#8221;off&#8221; make_fullwidth=&#8221;off&#8221; use_custom_width=&#8221;off&#8221; width_unit=&#8221;on&#8221; make_equal=&#8221;off&#8221; use_custom_gutter=&#8221;off&#8221;][et_pb_row global_parent=&#8221;392&#8243; admin_label=&#8221;Linha&#8221;][et_pb_column type=&#8221;4_4&#8243;][et_pb_text global_parent=&#8221;392&#8243; admin_label=&#8221;Agende&#8221; background_layout=&#8221;light&#8221; text_orientation=&#8221;left&#8221; use_border_color=&#8221;off&#8221; border_color=&#8221;#ffffff&#8221; border_style=&#8221;solid&#8221;]<\/p>\n<p><img loading=\"lazy\" decoding=\"async\" class=\"aligncenter wp-image-391 size-full\" src=\"http:\/\/www.rosapsicologia.com.br\/wp-content\/uploads\/2016\/08\/agende.gif\" width=\"253\" height=\"92\" \/><\/p>\n<p style=\"text-align: center;\">\n<p>[\/et_pb_text][et_pb_divider global_parent=&#8221;392&#8243; admin_label=&#8221;Divisor&#8221; color=&#8221;#ffffff&#8221; show_divider=&#8221;off&#8221; height=&#8221;18&#8243; divider_style=&#8221;solid&#8221; divider_position=&#8221;top&#8221; hide_on_mobile=&#8221;on&#8221;]<br \/>\n[\/et_pb_divider][\/et_pb_column][\/et_pb_row][\/et_pb_section][et_pb_section admin_label=&#8221;Se\u00e7\u00e3o&#8221; fullwidth=&#8221;off&#8221; specialty=&#8221;off&#8221; transparent_background=&#8221;off&#8221; background_color=&#8221;#a3c7bd&#8221; allow_player_pause=&#8221;off&#8221; inner_shadow=&#8221;off&#8221; parallax=&#8221;off&#8221; parallax_method=&#8221;off&#8221; padding_mobile=&#8221;off&#8221; make_fullwidth=&#8221;off&#8221; use_custom_width=&#8221;off&#8221; width_unit=&#8221;on&#8221; make_equal=&#8221;off&#8221; use_custom_gutter=&#8221;off&#8221;][et_pb_row admin_label=&#8221;Linha&#8221;][et_pb_column type=&#8221;4_4&#8243;][et_pb_text admin_label=&#8221;Copyright Rosa Psicologia | Desenvolvido por Sua Empresa na Internet.net&#8221; background_layout=&#8221;dark&#8221; text_orientation=&#8221;left&#8221; use_border_color=&#8221;off&#8221; border_color=&#8221;#ffffff&#8221; border_style=&#8221;solid&#8221;]<\/p>\n<p style=\"text-align: center;\"><span style=\"color: #ffffff;\">Endere\u00e7o: Rua Zelindo Volpi, 21 \u2013 Sala 03 \u2013 Eloy Chaves \u2013 Jundia\u00ed \u2013 SP\u00a0 |\u00a0 e-mail: <a style=\"color: #ffffff;\" href=\"mailto:contato@rosapsicologia.com.br\">contato@rosapsicologia.com.br<\/a><\/span><\/p>\n<p style=\"text-align: center;\"><span style=\"color: #ffffff;\">Copyright Rosa Psicologia\u00a0 |\u00a0 Desenvolvido por <a style=\"color: #ffffff;\" href=\"http:\/\/www.suaempresanainternet.net\" target=\"_blank\">Sua Empresa na Internet.net<\/a><\/span><\/p>\n<p style=\"text-align: center;\">[\/et_pb_text][\/et_pb_column][\/et_pb_row][\/et_pb_section]<\/p>\n","protected":false},"excerpt":{"rendered":"<p>A Psicologia \u00e9 uma ci\u00eancia que estuda o comportamento humano e seus processos mentais, significa o estudo da alma. Dentro da Psicologia Cl\u00ednica existem v\u00e1rias abordagens te\u00f3ricas ou linhas de trabalho, tais como, Psicologia como a Psican\u00e1lise, Psicologia Existencial-Humanista, Psicodrama, Psicologia Comportamental, entre outras. Cada uma delas compreende o ser humano de forma diferente, por\u00e9m [&hellip;]<\/p>\n","protected":false},"author":1,"featured_media":0,"parent":0,"menu_order":0,"comment_status":"closed","ping_status":"closed","template":"page-template-blank.php","meta":{"_et_pb_use_builder":"on","_et_pb_old_content":"","_et_gb_content_width":"","footnotes":""},"_links":{"self":[{"href":"http:\/\/rosapsicologia.com.br\/site\/wp-json\/wp\/v2\/pages\/278"}],"collection":[{"href":"http:\/\/rosapsicologia.com.br\/site\/wp-json\/wp\/v2\/pages"}],"about":[{"href":"http:\/\/rosapsicologia.com.br\/site\/wp-json\/wp\/v2\/types\/page"}],"author":[{"embeddable":true,"href":"http:\/\/rosapsicologia.com.br\/site\/wp-json\/wp\/v2\/users\/1"}],"replies":[{"embeddable":true,"href":"http:\/\/rosapsicologia.com.br\/site\/wp-json\/wp\/v2\/comments?post=278"}],"version-history":[{"count":31,"href":"http:\/\/rosapsicologia.com.br\/site\/wp-json\/wp\/v2\/pages\/278\/revisions"}],"predecessor-version":[{"id":638,"href":"http:\/\/rosapsicologia.com.br\/site\/wp-json\/wp\/v2\/pages\/278\/revisions\/638"}],"wp:attachment":[{"href":"http:\/\/rosapsicologia.com.br\/site\/wp-json\/wp\/v2\/media?parent=278"}],"curies":[{"name":"wp","href":"https:\/\/api.w.org\/{rel}","templated":true}]}}